{"id":3463,"date":"2026-04-23T15:29:13","date_gmt":"2026-04-23T12:29:13","guid":{"rendered":"https:\/\/beakcoffeeroastery.com\/?post_type=product&#038;p=3463"},"modified":"2026-04-23T15:36:40","modified_gmt":"2026-04-23T12:36:40","slug":"colombia-red-rose-watermelon-cekirdek-250-gr","status":"publish","type":"product","link":"https:\/\/beakcoffeeroastery.com\/index.php\/product\/colombia-red-rose-watermelon-cekirdek-250-gr\/","title":{"rendered":"Colombia Red Rose Watermelon \u00c7ekirdek Kahve 250 GR"},"content":{"rendered":"<p>Buenavista, Quind\u00edo b\u00f6lgesinde 1700 metre rak\u0131mda yeti\u015fen Caturra varyetesi bu \u00f6zel kahve,<br \/>\nHoney aneorobic process y\u00f6ntemiyle i\u015flenerek fincanda yo\u011fun, tropik ve kompleks bir karakter sunar.<br \/>\n84 cupping puan\u0131na sahip bu nitelikli kahve; ilk yudumda karpuz ve kavun notalar\u0131yla sulu ve canl\u0131 bir a\u00e7\u0131l\u0131\u015f yapar,<br \/>\ndevam\u0131nda gul ve kavun mentoll\u00fc tatl\u0131 \u015feker tropik bir derinlik kazan\u0131r.<br \/>\nKremams\u0131 ve kadifemsi dokusu, parlak meyvemsi yap\u0131s\u0131yla birle\u015ferek uzun s\u00fcren,<br \/>\nferahlat\u0131c\u0131 ve keyifli bir i\u00e7im sunar. Tropik ve deneysel profilleri sevenler i\u00e7in ideal bir filtre kahve tercihi.<\/p>\n<p>Tat Profili: G\u00fcl \u2022 Karpuz \u2022 Kavun \u2022 Mentoll\u00fc Tatl\u0131 \u015eeker<br \/>\n\u0130\u015flem: Honey aneorobic process<br \/>\nVaryete: Caturra<br \/>\nB\u00f6lge: Buenavista, Quind\u00edo<br \/>\nRak\u0131m: 1700 m<br \/>\nCupping Skoru: 84<br \/>\nDemleme \u00d6nerisi: Espresso, Filtre Kahve ve t\u00fcm manuel demleme y\u00f6ntemleri (V60, Chemex, Moka Pot, French Press) i\u00e7in uygundur.<\/p>\n<p>\u2615 Bir Fincanla Ba\u015flayan Hik\u00e2ye<\/p>\n<p>Bu kahve, sadece bir \u00e7ekirdek de\u011fil; y\u00fcksek rak\u0131mlarda ba\u015flayan bir yolculu\u011fun titizlikle s\u00fcrd\u00fcr\u00fclen bir eme\u011fin ve her g\u00fcn tazelenen bir tutkunun sonucudur.<br \/>\n\u00c7ekirdeklerimiz stoklanamaz, her g\u00fcn taze taze kavrulur.<br \/>\n\u00c7\u00fcnk\u00fc ger\u00e7ek kahve aromas\u0131n\u0131n kavrumdan sonra ge\u00e7en zamanla de\u011fil do\u011fru anda fincana ula\u015fmakla anlam kazand\u0131\u011f\u0131n\u0131 biliyoruz.<br \/>\nBu bir seri \u00fcretim de\u011fil; \u00f6zenle kavrulan \u00f6zenle paketlenen ve tazeli\u011fiyle fark yaratan bir kahvedir.<br \/>\nE\u011fer sen de kahveni ger\u00e7ekten taze i\u00e7mek, her fincanda eme\u011fi ve kaliteyi hissetmek istiyorsan bu hikaye tam sana g\u00f6re.<\/p>\n","protected":false},"excerpt":{"rendered":"<p>Tat Profili: G\u00fcl \u2022 Karpuz \u2022 Kavun \u2022 Mentoll\u00fc Tatl\u0131 \u015eeker<br \/>\n\u0130\u015flem: Honey aneorobic process<br \/>\nVaryete: Caturra<br \/>\nB\u00f6lge: Buenavista, Quind\u00edo<br \/>\nRak\u0131m: 1700 m<br \/>\nCupping Skoru: 84<br \/>\nDemleme \u00d6nerisi: Espresso, Filtre Kahve ve t\u00fcm manuel demleme y\u00f6ntemleri (V60, Chemex, Moka Pot, French Press) i\u00e7in uygundur.<\/p>\n<p>\u2615<\/p>\n","protected":false},"featured_media":3473,"comment_status":"open","ping_status":"closed","template":"","meta":[],"product_brand":[36],"product_cat":[11],"product_tag":[50,48,40,49,54,16,39,43,42,47,41],"class_list":{"0":"post-3463","1":"product","2":"type-product","3":"status-publish","4":"has-post-thumbnail","6":"product_brand-beak","7":"product_cat-arabica-roasted","8":"product_tag-aeropress","9":"product_tag-beak-coffee","10":"product_tag-cekirdek-kahve","11":"product_tag-chemex","12":"product_tag-colombia","13":"product_tag-espresso","14":"product_tag-filtre-kahve","15":"product_tag-french-press","16":"product_tag-moka-pot","17":"product_tag-single-origin","18":"product_tag-v60","20":"first","21":"instock","22":"shipping-taxable","23":"purchasable","24":"product-type-variable"},"_links":{"self":[{"href":"https:\/\/beakcoffeeroastery.com\/index.php\/wp-json\/wp\/v2\/product\/3463","targetHints":{"allow":["GET"]}}],"collection":[{"href":"https:\/\/beakcoffeeroastery.com\/index.php\/wp-json\/wp\/v2\/product"}],"about":[{"href":"https:\/\/beakcoffeeroastery.com\/index.php\/wp-json\/wp\/v2\/types\/product"}],"replies":[{"embeddable":true,"href":"https:\/\/beakcoffeeroastery.com\/index.php\/wp-json\/wp\/v2\/comments?post=3463"}],"wp:featuredmedia":[{"embeddable":true,"href":"https:\/\/beakcoffeeroastery.com\/index.php\/wp-json\/wp\/v2\/media\/3473"}],"wp:attachment":[{"href":"https:\/\/beakcoffeeroastery.com\/index.php\/wp-json\/wp\/v2\/media?parent=3463"}],"wp:term":[{"taxonomy":"product_brand","embeddable":true,"href":"https:\/\/beakcoffeeroastery.com\/index.php\/wp-json\/wp\/v2\/product_brand?post=3463"},{"taxonomy":"product_cat","embeddable":true,"href":"https:\/\/beakcoffeeroastery.com\/index.php\/wp-json\/wp\/v2\/product_cat?post=3463"},{"taxonomy":"product_tag","embeddable":true,"href":"https:\/\/beakcoffeeroastery.com\/index.php\/wp-json\/wp\/v2\/product_tag?post=3463"}],"curies":[{"name":"wp","href":"https:\/\/api.w.org\/{rel}","templated":true}]}}