{"id":3363,"date":"2026-04-23T12:30:31","date_gmt":"2026-04-23T09:30:31","guid":{"rendered":"https:\/\/beakcoffeeroastery.com\/?post_type=product&#038;p=3363"},"modified":"2026-04-23T12:30:32","modified_gmt":"2026-04-23T09:30:32","slug":"colombia-cinnamon-twist-cekirdek-kahve-250-gr","status":"publish","type":"product","link":"https:\/\/beakcoffeeroastery.com\/index.php\/product\/colombia-cinnamon-twist-cekirdek-kahve-250-gr\/","title":{"rendered":"Colombia Cinnamon Twist \u00c7ekirdek Kahve 250 GR"},"content":{"rendered":"<p>Buenavista, Quindio b\u00f6lgesinde 1700 metre rak\u0131mda yeti\u015fen Caturra varyetesi bu \u00f6zel kahve,<br \/>\nLastic Fermantation Process y\u00f6ntemiyle i\u015flenerek fincanda tar\u00e7\u0131nl\u0131 kurabiyemsi, aromatik ve rafine bir karakter sunar.<br \/>\n89 cupping puan\u0131na sahip bu nitelikli kahve; ilk yudumda tar\u00e7\u0131n notalar\u0131yla zarif bir a\u00e7\u0131l\u0131\u015f yapar.<br \/>\nDevam\u0131nda vanilya ve kakule aromalar\u0131yla ferah ve \u00f6zg\u00fcn bir profil kazan\u0131r.<br \/>\nOrta ipeksi g\u00f6vdesi ve dengeli asiditesi birle\u015ferek temiz, p\u00fcr\u00fczs\u00fcz ve ho\u015f bir biti\u015f sunar.<br \/>\nFerah, aromatik ve farkl\u0131 tatlar arayanlar i\u00e7in keyifli bir filtre kahve tercihi.<\/p>\n<p>Tat Profili: Tar\u00e7\u0131n \u2022 Tar\u00e7\u0131nl\u0131 Kurabiye \u2022 Vanilya \u2022 Kakule<br \/>\n\u0130\u015flem: Lastic Fermantation Process<br \/>\nVaryete: Caturra<br \/>\nB\u00f6lge: Buenavista,Quindio<br \/>\nRak\u0131m: 1700 m<br \/>\nCupping Skoru: 89<br \/>\nDemleme \u00d6nerisi: Espresso, Filtre Kahve ve t\u00fcm manuel demleme y\u00f6ntemleri (V60, Chemex, Moka Pot, French Press) i\u00e7in uygundur.<\/p>\n<p>\u2615 Bir Fincanla Ba\u015flayan Hik\u00e2ye<\/p>\n<p>Bu kahve, sadece bir \u00e7ekirdek de\u011fil; y\u00fcksek rak\u0131mlarda ba\u015flayan bir yolculu\u011fun titizlikle s\u00fcrd\u00fcr\u00fclen bir eme\u011fin ve her g\u00fcn tazelenen bir tutkunun sonucudur.<br \/>\n\u00c7ekirdeklerimiz stoklanamaz, her g\u00fcn taze taze kavrulur.<br \/>\n\u00c7\u00fcnk\u00fc ger\u00e7ek kahve aromas\u0131n\u0131n kavrumdan sonra ge\u00e7en zamanla de\u011fil do\u011fru anda fincana ula\u015fmakla anlam kazand\u0131\u011f\u0131n\u0131 biliyoruz.<br \/>\nBu bir seri \u00fcretim de\u011fil; \u00f6zenle kavrulan \u00f6zenle paketlenen ve tazeli\u011fiyle fark yaratan bir kahvedir.<br \/>\nE\u011fer sen de kahveni ger\u00e7ekten taze i\u00e7mek, her fincanda eme\u011fi ve kaliteyi hissetmek istiyorsan bu hikaye tam sana g\u00f6re.<\/p>\n","protected":false},"excerpt":{"rendered":"<p>Tat Profili: Tar\u00e7\u0131n \u2022 Tar\u00e7\u0131nl\u0131 Kurabiye \u2022 Vanilya \u2022 Kakule<br \/>\n\u0130\u015flem: Lastic Fermantation Process<br \/>\nVaryete: Caturra<br \/>\nB\u00f6lge: Buenavista,Quindio<br \/>\nRak\u0131m: 1700 m<br \/>\nCupping Skoru: 89<br \/>\nDemleme \u00d6nerisi: Espresso, Filtre Kahve ve t\u00fcm manuel demleme y\u00f6ntemleri (V60, Chemex, Moka Pot, French Press) i\u00e7in uygundur.<\/p>\n","protected":false},"featured_media":3373,"comment_status":"open","ping_status":"closed","template":"","meta":[],"product_brand":[36],"product_cat":[11],"product_tag":[50,48,40,49,54,16,39,43,42,47,41],"class_list":{"0":"post-3363","1":"product","2":"type-product","3":"status-publish","4":"has-post-thumbnail","6":"product_brand-beak","7":"product_cat-arabica-roasted","8":"product_tag-aeropress","9":"product_tag-beak-coffee","10":"product_tag-cekirdek-kahve","11":"product_tag-chemex","12":"product_tag-colombia","13":"product_tag-espresso","14":"product_tag-filtre-kahve","15":"product_tag-french-press","16":"product_tag-moka-pot","17":"product_tag-single-origin","18":"product_tag-v60","20":"first","21":"instock","22":"shipping-taxable","23":"purchasable","24":"product-type-variable"},"_links":{"self":[{"href":"https:\/\/beakcoffeeroastery.com\/index.php\/wp-json\/wp\/v2\/product\/3363","targetHints":{"allow":["GET"]}}],"collection":[{"href":"https:\/\/beakcoffeeroastery.com\/index.php\/wp-json\/wp\/v2\/product"}],"about":[{"href":"https:\/\/beakcoffeeroastery.com\/index.php\/wp-json\/wp\/v2\/types\/product"}],"replies":[{"embeddable":true,"href":"https:\/\/beakcoffeeroastery.com\/index.php\/wp-json\/wp\/v2\/comments?post=3363"}],"wp:featuredmedia":[{"embeddable":true,"href":"https:\/\/beakcoffeeroastery.com\/index.php\/wp-json\/wp\/v2\/media\/3373"}],"wp:attachment":[{"href":"https:\/\/beakcoffeeroastery.com\/index.php\/wp-json\/wp\/v2\/media?parent=3363"}],"wp:term":[{"taxonomy":"product_brand","embeddable":true,"href":"https:\/\/beakcoffeeroastery.com\/index.php\/wp-json\/wp\/v2\/product_brand?post=3363"},{"taxonomy":"product_cat","embeddable":true,"href":"https:\/\/beakcoffeeroastery.com\/index.php\/wp-json\/wp\/v2\/product_cat?post=3363"},{"taxonomy":"product_tag","embeddable":true,"href":"https:\/\/beakcoffeeroastery.com\/index.php\/wp-json\/wp\/v2\/product_tag?post=3363"}],"curies":[{"name":"wp","href":"https:\/\/api.w.org\/{rel}","templated":true}]}}