{"id":2941,"date":"2025-10-01T18:09:18","date_gmt":"2025-10-01T15:09:18","guid":{"rendered":"https:\/\/beakcoffeeroastery.com\/?post_type=product&#038;p=2941"},"modified":"2025-10-01T18:19:14","modified_gmt":"2025-10-01T15:19:14","slug":"honey-blossom-cekirdek","status":"publish","type":"product","link":"https:\/\/beakcoffeeroastery.com\/index.php\/product\/honey-blossom-cekirdek\/","title":{"rendered":"Honey Blossom \u00c7ekirdek"},"content":{"rendered":"<p>Bal y\u00f6ntemi ve meyve \u00f6zleriyle i\u015flenen bu kahve, tatl\u0131 ve floral notalara sahip. Bal, \u015feftali ve portakal \u00e7i\u00e7e\u011fi aromalar\u0131, ipeksi g\u00f6vdesiyle birle\u015ferek zarif bir i\u00e7im sunuyor<\/p>\n","protected":false},"excerpt":{"rendered":"<p>Bal y\u00f6ntemi ve meyve \u00f6zleriyle i\u015flenen bu kahve, tatl\u0131 ve floral notalara sahip. Bal, \u015feftali ve portakal \u00e7i\u00e7e\u011fi aromalar\u0131, ipeksi g\u00f6vdesiyle birle\u015ferek zarif bir i\u00e7im sunuyor<\/p>\n","protected":false},"featured_media":2944,"comment_status":"open","ping_status":"closed","template":"","meta":[],"product_brand":[],"product_cat":[],"product_tag":[],"class_list":{"0":"post-2941","1":"product","2":"type-product","3":"status-publish","4":"has-post-thumbnail","7":"first","8":"instock","9":"taxable","10":"shipping-taxable","11":"purchasable","12":"product-type-variable"},"_links":{"self":[{"href":"https:\/\/beakcoffeeroastery.com\/index.php\/wp-json\/wp\/v2\/product\/2941","targetHints":{"allow":["GET"]}}],"collection":[{"href":"https:\/\/beakcoffeeroastery.com\/index.php\/wp-json\/wp\/v2\/product"}],"about":[{"href":"https:\/\/beakcoffeeroastery.com\/index.php\/wp-json\/wp\/v2\/types\/product"}],"replies":[{"embeddable":true,"href":"https:\/\/beakcoffeeroastery.com\/index.php\/wp-json\/wp\/v2\/comments?post=2941"}],"wp:featuredmedia":[{"embeddable":true,"href":"https:\/\/beakcoffeeroastery.com\/index.php\/wp-json\/wp\/v2\/media\/2944"}],"wp:attachment":[{"href":"https:\/\/beakcoffeeroastery.com\/index.php\/wp-json\/wp\/v2\/media?parent=2941"}],"wp:term":[{"taxonomy":"product_brand","embeddable":true,"href":"https:\/\/beakcoffeeroastery.com\/index.php\/wp-json\/wp\/v2\/product_brand?post=2941"},{"taxonomy":"product_cat","embeddable":true,"href":"https:\/\/beakcoffeeroastery.com\/index.php\/wp-json\/wp\/v2\/product_cat?post=2941"},{"taxonomy":"product_tag","embeddable":true,"href":"https:\/\/beakcoffeeroastery.com\/index.php\/wp-json\/wp\/v2\/product_tag?post=2941"}],"curies":[{"name":"wp","href":"https:\/\/api.w.org\/{rel}","templated":true}]}}