{"id":2936,"date":"2025-10-01T18:04:41","date_gmt":"2025-10-01T15:04:41","guid":{"rendered":"https:\/\/beakcoffeeroastery.com\/?post_type=product&#038;p=2936"},"modified":"2025-10-01T18:07:17","modified_gmt":"2025-10-01T15:07:17","slug":"hibiscus-natural-cekirdek","status":"publish","type":"product","link":"https:\/\/beakcoffeeroastery.com\/index.php\/product\/hibiscus-natural-cekirdek\/","title":{"rendered":"Hibiscus Natural \u00c7ekirdek"},"content":{"rendered":"<p>Do\u011fal i\u015flem y\u00f6ntemiyle haz\u0131rlanan bu kahve, floral ve meyvemsi tonlar\u0131yla dikkat \u00e7ekiyor. Hibiskus \u00e7i\u00e7e\u011fi, sar\u0131 meyveler , ye\u015fil \u00fcz\u00fcm ve kakule notalar\u0131, parlak asidite ve yo\u011fun g\u00f6vde ile birle\u015ferek egzotik bir tat deneyimi sunuyor.<\/p>\n","protected":false},"excerpt":{"rendered":"<p>Do\u011fal i\u015flem y\u00f6ntemiyle haz\u0131rlanan bu kahve, floral ve meyvemsi tonlar\u0131yla dikkat \u00e7ekiyor. Hibiskus \u00e7i\u00e7e\u011fi, sar\u0131 meyveler , ye\u015fil \u00fcz\u00fcm ve kakule notalar\u0131, parlak asidite ve yo\u011fun g\u00f6vde ile birle\u015ferek egzotik bir tat deneyimi sunuyor.<\/p>\n","protected":false},"featured_media":2940,"comment_status":"open","ping_status":"closed","template":"","meta":[],"product_brand":[],"product_cat":[],"product_tag":[],"class_list":{"0":"post-2936","1":"product","2":"type-product","3":"status-publish","4":"has-post-thumbnail","7":"first","8":"instock","9":"taxable","10":"shipping-taxable","11":"purchasable","12":"product-type-variable"},"_links":{"self":[{"href":"https:\/\/beakcoffeeroastery.com\/index.php\/wp-json\/wp\/v2\/product\/2936","targetHints":{"allow":["GET"]}}],"collection":[{"href":"https:\/\/beakcoffeeroastery.com\/index.php\/wp-json\/wp\/v2\/product"}],"about":[{"href":"https:\/\/beakcoffeeroastery.com\/index.php\/wp-json\/wp\/v2\/types\/product"}],"replies":[{"embeddable":true,"href":"https:\/\/beakcoffeeroastery.com\/index.php\/wp-json\/wp\/v2\/comments?post=2936"}],"wp:featuredmedia":[{"embeddable":true,"href":"https:\/\/beakcoffeeroastery.com\/index.php\/wp-json\/wp\/v2\/media\/2940"}],"wp:attachment":[{"href":"https:\/\/beakcoffeeroastery.com\/index.php\/wp-json\/wp\/v2\/media?parent=2936"}],"wp:term":[{"taxonomy":"product_brand","embeddable":true,"href":"https:\/\/beakcoffeeroastery.com\/index.php\/wp-json\/wp\/v2\/product_brand?post=2936"},{"taxonomy":"product_cat","embeddable":true,"href":"https:\/\/beakcoffeeroastery.com\/index.php\/wp-json\/wp\/v2\/product_cat?post=2936"},{"taxonomy":"product_tag","embeddable":true,"href":"https:\/\/beakcoffeeroastery.com\/index.php\/wp-json\/wp\/v2\/product_tag?post=2936"}],"curies":[{"name":"wp","href":"https:\/\/api.w.org\/{rel}","templated":true}]}}