{"id":2933,"date":"2025-10-01T18:03:41","date_gmt":"2025-10-01T15:03:41","guid":{"rendered":"https:\/\/beakcoffeeroastery.com\/?post_type=product&#038;p=2933"},"modified":"2025-10-01T18:08:57","modified_gmt":"2025-10-01T15:08:57","slug":"pineapple-honey-cekirdek","status":"publish","type":"product","link":"https:\/\/beakcoffeeroastery.com\/index.php\/product\/pineapple-honey-cekirdek\/","title":{"rendered":"Pineapple Honey \u00c7ekirdek"},"content":{"rendered":"<p>Tropikal meyve ve baharat notalar\u0131n\u0131n \u00f6ne \u00e7\u0131kt\u0131\u011f\u0131 bu kahve, ananas, tar\u00e7\u0131n ve kakule ile zengin bir tat profili sunuyor. Parlak asiditesi ve yo\u011fun g\u00f6vdesiyle uzun bir damak tad\u0131 b\u0131rak\u0131yor.<\/p>\n","protected":false},"excerpt":{"rendered":"<p>Tropikal meyve ve baharat notalar\u0131n\u0131n \u00f6ne \u00e7\u0131kt\u0131\u011f\u0131 bu kahve, ananas, tar\u00e7\u0131n ve kakule ile zengin bir tat profili sunuyor. Parlak asiditesi ve yo\u011fun g\u00f6vdesiyle uzun bir damak tad\u0131 b\u0131rak\u0131yor.<\/p>\n","protected":false},"featured_media":2939,"comment_status":"open","ping_status":"closed","template":"","meta":[],"product_brand":[],"product_cat":[],"product_tag":[],"class_list":{"0":"post-2933","1":"product","2":"type-product","3":"status-publish","4":"has-post-thumbnail","7":"first","8":"instock","9":"taxable","10":"shipping-taxable","11":"purchasable","12":"product-type-variable"},"_links":{"self":[{"href":"https:\/\/beakcoffeeroastery.com\/index.php\/wp-json\/wp\/v2\/product\/2933","targetHints":{"allow":["GET"]}}],"collection":[{"href":"https:\/\/beakcoffeeroastery.com\/index.php\/wp-json\/wp\/v2\/product"}],"about":[{"href":"https:\/\/beakcoffeeroastery.com\/index.php\/wp-json\/wp\/v2\/types\/product"}],"replies":[{"embeddable":true,"href":"https:\/\/beakcoffeeroastery.com\/index.php\/wp-json\/wp\/v2\/comments?post=2933"}],"wp:featuredmedia":[{"embeddable":true,"href":"https:\/\/beakcoffeeroastery.com\/index.php\/wp-json\/wp\/v2\/media\/2939"}],"wp:attachment":[{"href":"https:\/\/beakcoffeeroastery.com\/index.php\/wp-json\/wp\/v2\/media?parent=2933"}],"wp:term":[{"taxonomy":"product_brand","embeddable":true,"href":"https:\/\/beakcoffeeroastery.com\/index.php\/wp-json\/wp\/v2\/product_brand?post=2933"},{"taxonomy":"product_cat","embeddable":true,"href":"https:\/\/beakcoffeeroastery.com\/index.php\/wp-json\/wp\/v2\/product_cat?post=2933"},{"taxonomy":"product_tag","embeddable":true,"href":"https:\/\/beakcoffeeroastery.com\/index.php\/wp-json\/wp\/v2\/product_tag?post=2933"}],"curies":[{"name":"wp","href":"https:\/\/api.w.org\/{rel}","templated":true}]}}