{"id":2928,"date":"2025-10-01T17:59:57","date_gmt":"2025-10-01T14:59:57","guid":{"rendered":"https:\/\/beakcoffeeroastery.com\/?post_type=product&#038;p=2928"},"modified":"2025-10-01T18:03:49","modified_gmt":"2025-10-01T15:03:49","slug":"cinnamon-twist-cekirdek","status":"publish","type":"product","link":"https:\/\/beakcoffeeroastery.com\/index.php\/product\/cinnamon-twist-cekirdek\/","title":{"rendered":"Cinnamon Twist \u00c7ekirdek"},"content":{"rendered":"<p>Tar\u00e7\u0131n \u00f6n planda olan bu kahve, s\u00fct bazl\u0131 bakterilerle fermantasyon ge\u00e7iriyor. S\u00fctl\u00fc flan, karamel ve vanilya notalar\u0131yla tatl\u0131 ve baharatl\u0131 bir denge sunuyor. \u0130peksi g\u00f6vdesi ve parlak asiditesiyle \u00f6ne \u00e7\u0131k\u0131yor.<\/p>\n","protected":false},"excerpt":{"rendered":"<p>Tar\u00e7\u0131n \u00f6n planda olan bu kahve, s\u00fct bazl\u0131 bakterilerle fermantasyon ge\u00e7iriyor. S\u00fctl\u00fc flan, karamel ve vanilya notalar\u0131yla tatl\u0131 ve baharatl\u0131 bir denge sunuyor. \u0130peksi g\u00f6vdesi ve parlak asiditesiyle \u00f6ne \u00e7\u0131k\u0131yor.<\/p>\n","protected":false},"featured_media":2931,"comment_status":"open","ping_status":"closed","template":"","meta":[],"product_brand":[],"product_cat":[],"product_tag":[],"class_list":{"0":"post-2928","1":"product","2":"type-product","3":"status-publish","4":"has-post-thumbnail","7":"first","8":"instock","9":"taxable","10":"shipping-taxable","11":"purchasable","12":"product-type-variable"},"_links":{"self":[{"href":"https:\/\/beakcoffeeroastery.com\/index.php\/wp-json\/wp\/v2\/product\/2928","targetHints":{"allow":["GET"]}}],"collection":[{"href":"https:\/\/beakcoffeeroastery.com\/index.php\/wp-json\/wp\/v2\/product"}],"about":[{"href":"https:\/\/beakcoffeeroastery.com\/index.php\/wp-json\/wp\/v2\/types\/product"}],"replies":[{"embeddable":true,"href":"https:\/\/beakcoffeeroastery.com\/index.php\/wp-json\/wp\/v2\/comments?post=2928"}],"wp:featuredmedia":[{"embeddable":true,"href":"https:\/\/beakcoffeeroastery.com\/index.php\/wp-json\/wp\/v2\/media\/2931"}],"wp:attachment":[{"href":"https:\/\/beakcoffeeroastery.com\/index.php\/wp-json\/wp\/v2\/media?parent=2928"}],"wp:term":[{"taxonomy":"product_brand","embeddable":true,"href":"https:\/\/beakcoffeeroastery.com\/index.php\/wp-json\/wp\/v2\/product_brand?post=2928"},{"taxonomy":"product_cat","embeddable":true,"href":"https:\/\/beakcoffeeroastery.com\/index.php\/wp-json\/wp\/v2\/product_cat?post=2928"},{"taxonomy":"product_tag","embeddable":true,"href":"https:\/\/beakcoffeeroastery.com\/index.php\/wp-json\/wp\/v2\/product_tag?post=2928"}],"curies":[{"name":"wp","href":"https:\/\/api.w.org\/{rel}","templated":true}]}}