{"id":2923,"date":"2025-10-01T17:55:58","date_gmt":"2025-10-01T14:55:58","guid":{"rendered":"https:\/\/beakcoffeeroastery.com\/?post_type=product&#038;p=2923"},"modified":"2025-10-01T17:59:27","modified_gmt":"2025-10-01T14:59:27","slug":"carbonic-maceration-cekirdek","status":"publish","type":"product","link":"https:\/\/beakcoffeeroastery.com\/index.php\/product\/carbonic-maceration-cekirdek\/","title":{"rendered":"Carbonic Maceration \u00c7ekirdek"},"content":{"rendered":"<p>Kolombiya\u2019n\u0131n Buenavista Quindio b\u00f6lgesinde yeti\u015fen Yellow Colombia varyetesi, karbondioksit maserasyonu ile i\u015fleniyor. Kahve kirazlar\u0131 oksijensiz kapal\u0131 tanklarda 168 saat fermantasyona b\u0131rak\u0131l\u0131yor. Bu s\u00fcre\u00e7, meyvemsi karakteri derinle\u015ftirerek \u00e7ilek, b\u00f6\u011f\u00fcrtlen ve kakao notalar\u0131n\u0131 \u00f6ne \u00e7\u0131kar\u0131yor. Parlak asidite ve yo\u011fun g\u00f6vde ile dengeli bir i\u00e7im sunuyor.<\/p>\n","protected":false},"excerpt":{"rendered":"<p>Kolombiya\u2019n\u0131n Buenavista Quindio b\u00f6lgesinde yeti\u015fen Yellow Colombia varyetesi, karbondioksit maserasyonu ile i\u015fleniyor. Kahve kirazlar\u0131 oksijensiz kapal\u0131 tanklarda 168 saat fermantasyona b\u0131rak\u0131l\u0131yor. Bu s\u00fcre\u00e7, meyvemsi karakteri derinle\u015ftirerek \u00e7ilek, b\u00f6\u011f\u00fcrtlen ve kakao notalar\u0131n\u0131 \u00f6ne \u00e7\u0131kar\u0131yor. Parlak asidite ve yo\u011fun g\u00f6vde ile dengeli bir i\u00e7im sunuyor.<\/p>\n","protected":false},"featured_media":2927,"comment_status":"open","ping_status":"closed","template":"","meta":[],"product_brand":[],"product_cat":[],"product_tag":[],"class_list":{"0":"post-2923","1":"product","2":"type-product","3":"status-publish","4":"has-post-thumbnail","7":"first","8":"instock","9":"taxable","10":"shipping-taxable","11":"purchasable","12":"product-type-variable"},"_links":{"self":[{"href":"https:\/\/beakcoffeeroastery.com\/index.php\/wp-json\/wp\/v2\/product\/2923","targetHints":{"allow":["GET"]}}],"collection":[{"href":"https:\/\/beakcoffeeroastery.com\/index.php\/wp-json\/wp\/v2\/product"}],"about":[{"href":"https:\/\/beakcoffeeroastery.com\/index.php\/wp-json\/wp\/v2\/types\/product"}],"replies":[{"embeddable":true,"href":"https:\/\/beakcoffeeroastery.com\/index.php\/wp-json\/wp\/v2\/comments?post=2923"}],"wp:featuredmedia":[{"embeddable":true,"href":"https:\/\/beakcoffeeroastery.com\/index.php\/wp-json\/wp\/v2\/media\/2927"}],"wp:attachment":[{"href":"https:\/\/beakcoffeeroastery.com\/index.php\/wp-json\/wp\/v2\/media?parent=2923"}],"wp:term":[{"taxonomy":"product_brand","embeddable":true,"href":"https:\/\/beakcoffeeroastery.com\/index.php\/wp-json\/wp\/v2\/product_brand?post=2923"},{"taxonomy":"product_cat","embeddable":true,"href":"https:\/\/beakcoffeeroastery.com\/index.php\/wp-json\/wp\/v2\/product_cat?post=2923"},{"taxonomy":"product_tag","embeddable":true,"href":"https:\/\/beakcoffeeroastery.com\/index.php\/wp-json\/wp\/v2\/product_tag?post=2923"}],"curies":[{"name":"wp","href":"https:\/\/api.w.org\/{rel}","templated":true}]}}