{"id":2920,"date":"2025-10-01T17:50:50","date_gmt":"2025-10-01T14:50:50","guid":{"rendered":"https:\/\/beakcoffeeroastery.com\/?post_type=product&#038;p=2920"},"modified":"2025-10-01T18:02:02","modified_gmt":"2025-10-01T15:02:02","slug":"red-rose-watermelon","status":"publish","type":"product","link":"https:\/\/beakcoffeeroastery.com\/index.php\/product\/red-rose-watermelon\/","title":{"rendered":"Red Rose Watermelon"},"content":{"rendered":"<p>Geisha mostosu ile i\u015flenen bu kahve, karpuz ve tropikal meyve notalar\u0131n\u0131 g\u00fcl ve yaban mersini ile birle\u015ftiriyor. \u0130peksi g\u00f6vdesi ve canl\u0131 asiditesiyle narin ve dengeli bir profil sunuyor.<\/p>\n","protected":false},"excerpt":{"rendered":"<p>Geisha mostosu ile i\u015flenen bu kahve, karpuz ve tropikal meyve notalar\u0131n\u0131 g\u00fcl ve yaban mersini ile birle\u015ftiriyor. \u0130peksi g\u00f6vdesi ve canl\u0131 asiditesiyle narin ve dengeli bir profil sunuyor.<\/p>\n","protected":false},"featured_media":2926,"comment_status":"open","ping_status":"closed","template":"","meta":[],"product_brand":[],"product_cat":[],"product_tag":[],"class_list":{"0":"post-2920","1":"product","2":"type-product","3":"status-publish","4":"has-post-thumbnail","7":"first","8":"instock","9":"taxable","10":"shipping-taxable","11":"purchasable","12":"product-type-variable"},"_links":{"self":[{"href":"https:\/\/beakcoffeeroastery.com\/index.php\/wp-json\/wp\/v2\/product\/2920","targetHints":{"allow":["GET"]}}],"collection":[{"href":"https:\/\/beakcoffeeroastery.com\/index.php\/wp-json\/wp\/v2\/product"}],"about":[{"href":"https:\/\/beakcoffeeroastery.com\/index.php\/wp-json\/wp\/v2\/types\/product"}],"replies":[{"embeddable":true,"href":"https:\/\/beakcoffeeroastery.com\/index.php\/wp-json\/wp\/v2\/comments?post=2920"}],"wp:featuredmedia":[{"embeddable":true,"href":"https:\/\/beakcoffeeroastery.com\/index.php\/wp-json\/wp\/v2\/media\/2926"}],"wp:attachment":[{"href":"https:\/\/beakcoffeeroastery.com\/index.php\/wp-json\/wp\/v2\/media?parent=2920"}],"wp:term":[{"taxonomy":"product_brand","embeddable":true,"href":"https:\/\/beakcoffeeroastery.com\/index.php\/wp-json\/wp\/v2\/product_brand?post=2920"},{"taxonomy":"product_cat","embeddable":true,"href":"https:\/\/beakcoffeeroastery.com\/index.php\/wp-json\/wp\/v2\/product_cat?post=2920"},{"taxonomy":"product_tag","embeddable":true,"href":"https:\/\/beakcoffeeroastery.com\/index.php\/wp-json\/wp\/v2\/product_tag?post=2920"}],"curies":[{"name":"wp","href":"https:\/\/api.w.org\/{rel}","templated":true}]}}