{"id":2915,"date":"2025-10-01T17:36:17","date_gmt":"2025-10-01T14:36:17","guid":{"rendered":"https:\/\/beakcoffeeroastery.com\/?post_type=product&#038;p=2915"},"modified":"2025-10-01T18:08:51","modified_gmt":"2025-10-01T15:08:51","slug":"brew-hops-cekirdek","status":"publish","type":"product","link":"https:\/\/beakcoffeeroastery.com\/index.php\/product\/brew-hops-cekirdek\/","title":{"rendered":"Brew Hops \u00c7ekirdek"},"content":{"rendered":"<p>\u015eerbet\u00e7i otu ile fermantasyon ge\u00e7iren bu deneysel kahve, bitkisel ve meyvemsi notalara sahip. Lulo, limon otu , kivi ve mentol gibi s\u0131ra d\u0131\u015f\u0131 aromalar, parlak asidite ile birle\u015ferek benzersiz bir deneyim sunuyor.<\/p>\n","protected":false},"excerpt":{"rendered":"<p>\u015eerbet\u00e7i otu ile fermantasyon ge\u00e7iren bu deneysel kahve, bitkisel ve meyvemsi notalara sahip. Lulo, limon otu , kivi ve mentol gibi s\u0131ra d\u0131\u015f\u0131 aromalar, parlak asidite ile birle\u015ferek benzersiz bir deneyim sunuyor.<\/p>\n","protected":false},"featured_media":2919,"comment_status":"open","ping_status":"closed","template":"","meta":[],"product_brand":[],"product_cat":[],"product_tag":[],"class_list":{"0":"post-2915","1":"product","2":"type-product","3":"status-publish","4":"has-post-thumbnail","7":"first","8":"instock","9":"taxable","10":"shipping-taxable","11":"purchasable","12":"product-type-variable"},"_links":{"self":[{"href":"https:\/\/beakcoffeeroastery.com\/index.php\/wp-json\/wp\/v2\/product\/2915","targetHints":{"allow":["GET"]}}],"collection":[{"href":"https:\/\/beakcoffeeroastery.com\/index.php\/wp-json\/wp\/v2\/product"}],"about":[{"href":"https:\/\/beakcoffeeroastery.com\/index.php\/wp-json\/wp\/v2\/types\/product"}],"replies":[{"embeddable":true,"href":"https:\/\/beakcoffeeroastery.com\/index.php\/wp-json\/wp\/v2\/comments?post=2915"}],"wp:featuredmedia":[{"embeddable":true,"href":"https:\/\/beakcoffeeroastery.com\/index.php\/wp-json\/wp\/v2\/media\/2919"}],"wp:attachment":[{"href":"https:\/\/beakcoffeeroastery.com\/index.php\/wp-json\/wp\/v2\/media?parent=2915"}],"wp:term":[{"taxonomy":"product_brand","embeddable":true,"href":"https:\/\/beakcoffeeroastery.com\/index.php\/wp-json\/wp\/v2\/product_brand?post=2915"},{"taxonomy":"product_cat","embeddable":true,"href":"https:\/\/beakcoffeeroastery.com\/index.php\/wp-json\/wp\/v2\/product_cat?post=2915"},{"taxonomy":"product_tag","embeddable":true,"href":"https:\/\/beakcoffeeroastery.com\/index.php\/wp-json\/wp\/v2\/product_tag?post=2915"}],"curies":[{"name":"wp","href":"https:\/\/api.w.org\/{rel}","templated":true}]}}