{"id":2911,"date":"2025-10-01T17:16:13","date_gmt":"2025-10-01T14:16:13","guid":{"rendered":"https:\/\/beakcoffeeroastery.com\/?post_type=product&#038;p=2911"},"modified":"2025-10-01T18:15:58","modified_gmt":"2025-10-01T15:15:58","slug":"bella-vista-cekirdek","status":"publish","type":"product","link":"https:\/\/beakcoffeeroastery.com\/index.php\/product\/bella-vista-cekirdek\/","title":{"rendered":"Bella Vista \u00c7ekirdek"},"content":{"rendered":"<p>Geleneksel y\u0131kanm\u0131\u015f i\u015flem y\u00f6ntemiyle haz\u0131rlanan bu kahve, 42 saatlik fermantasyon s\u00fcrecinden ge\u00e7iyor. Karamel, s\u00fctl\u00fc \u00e7ikolata ve hafif portakal notalar\u0131yla klasik Kolombiya profilini modern bir yorumla sunuyor. Kremsi g\u00f6vdesi ve orta derecede asiditesiyle g\u00fcnl\u00fck t\u00fcketime uygun.<\/p>\n","protected":false},"excerpt":{"rendered":"<p>Geleneksel y\u0131kanm\u0131\u015f i\u015flem y\u00f6ntemiyle haz\u0131rlanan bu kahve, 42 saatlik fermantasyon s\u00fcrecinden ge\u00e7iyor. Karamel, s\u00fctl\u00fc \u00e7ikolata ve hafif portakal notalar\u0131yla klasik Kolombiya profilini modern bir yorumla sunuyor. Kremsi g\u00f6vdesi ve orta derecede asiditesiyle g\u00fcnl\u00fck t\u00fcketime uygun.<\/p>\n","protected":false},"featured_media":2909,"comment_status":"open","ping_status":"closed","template":"","meta":[],"product_brand":[],"product_cat":[],"product_tag":[],"class_list":{"0":"post-2911","1":"product","2":"type-product","3":"status-publish","4":"has-post-thumbnail","7":"first","8":"instock","9":"taxable","10":"shipping-taxable","11":"purchasable","12":"product-type-variable"},"_links":{"self":[{"href":"https:\/\/beakcoffeeroastery.com\/index.php\/wp-json\/wp\/v2\/product\/2911","targetHints":{"allow":["GET"]}}],"collection":[{"href":"https:\/\/beakcoffeeroastery.com\/index.php\/wp-json\/wp\/v2\/product"}],"about":[{"href":"https:\/\/beakcoffeeroastery.com\/index.php\/wp-json\/wp\/v2\/types\/product"}],"replies":[{"embeddable":true,"href":"https:\/\/beakcoffeeroastery.com\/index.php\/wp-json\/wp\/v2\/comments?post=2911"}],"wp:featuredmedia":[{"embeddable":true,"href":"https:\/\/beakcoffeeroastery.com\/index.php\/wp-json\/wp\/v2\/media\/2909"}],"wp:attachment":[{"href":"https:\/\/beakcoffeeroastery.com\/index.php\/wp-json\/wp\/v2\/media?parent=2911"}],"wp:term":[{"taxonomy":"product_brand","embeddable":true,"href":"https:\/\/beakcoffeeroastery.com\/index.php\/wp-json\/wp\/v2\/product_brand?post=2911"},{"taxonomy":"product_cat","embeddable":true,"href":"https:\/\/beakcoffeeroastery.com\/index.php\/wp-json\/wp\/v2\/product_cat?post=2911"},{"taxonomy":"product_tag","embeddable":true,"href":"https:\/\/beakcoffeeroastery.com\/index.php\/wp-json\/wp\/v2\/product_tag?post=2911"}],"curies":[{"name":"wp","href":"https:\/\/api.w.org\/{rel}","templated":true}]}}