{"id":3011,"date":"2025-10-02T10:16:02","date_gmt":"2025-10-02T07:16:02","guid":{"rendered":"https:\/\/beakcoffeeroastery.com\/?page_id=3011"},"modified":"2025-10-02T10:53:07","modified_gmt":"2025-10-02T07:53:07","slug":"satissozlesmesi","status":"publish","type":"page","link":"https:\/\/beakcoffeeroastery.com\/index.php\/satissozlesmesi\/","title":{"rendered":"Mesafeli Sat\u0131\u015f S\u00f6zle\u015fmesi"},"content":{"rendered":"\t\t<div data-elementor-type=\"wp-page\" data-elementor-id=\"3011\" class=\"elementor elementor-3011\" data-elementor-post-type=\"page\">\n\t\t\t\t<div class=\"elementor-element elementor-element-c2e5b72 e-flex e-con-boxed e-con e-parent\" data-id=\"c2e5b72\" data-element_type=\"container\">\n\t\t\t\t\t<div class=\"e-con-inner\">\n\t\t\t\t<div class=\"elementor-element elementor-element-49450b7 elementor-widget elementor-widget-ct_text_editor\" data-id=\"49450b7\" data-element_type=\"widget\" data-widget_type=\"ct_text_editor.default\">\n\t\t\t\t<div class=\"elementor-widget-container\">\n\t\t\t\t\t<div id=\"ct_text_editor-49450b7\" class=\"ct-text-editor \" data-wow-delay=\"ms\">\n\t<div class=\"ct-inline-css\"  data-css=\"\n        \t\t\">\n\n    <\/div>\n\t<div class=\"ct-text-editor elementor-clearfix\">\n\t\t<h2 data-start=\"147\" data-end=\"163\">1. TARAFLAR<\/h2><p data-start=\"164\" data-end=\"271\">\u0130\u015fbu S\u00f6zle\u015fme a\u015fa\u011f\u0131daki taraflar aras\u0131nda a\u015fa\u011f\u0131da belirtilen h\u00fck\u00fcm ve \u015fartlar \u00e7er\u00e7evesinde imzalanm\u0131\u015ft\u0131r.<\/p><p data-start=\"273\" data-end=\"306\"><strong data-start=\"273\" data-end=\"283\">ALICI:<\/strong><br data-start=\"283\" data-end=\"286\" \/>AD-SOYAD:<br data-start=\"295\" data-end=\"298\" \/>ADRES:<\/p><p data-start=\"308\" data-end=\"490\"><strong data-start=\"308\" data-end=\"319\">SATICI:<\/strong><br data-start=\"319\" data-end=\"322\" \/>Beak Coffee Roastery<br data-start=\"342\" data-end=\"345\" \/>Bah\u00e7elievler Mah. \u015eevketda\u011f Sk. No:1 Beak Plaza<br data-start=\"392\" data-end=\"395\" \/>Telefon: 0 850 440 01 11<br data-start=\"419\" data-end=\"422\" \/>E-posta: <a class=\"decorated-link cursor-pointer\" rel=\"noopener\" data-start=\"431\" data-end=\"450\">info@beakcoffee.com<\/a><br data-start=\"450\" data-end=\"453\" \/>Web: <a class=\"decorated-link\" href=\"https:\/\/beakcoffeeroastery.com\" target=\"_new\" rel=\"noopener\" data-start=\"458\" data-end=\"488\">beakcoffeeroastery.com<\/a><\/p><p data-start=\"492\" data-end=\"745\">\u0130\u015f bu s\u00f6zle\u015fmeyi kabul etmekle ALICI, s\u00f6zle\u015fme konusu sipari\u015fi onaylad\u0131\u011f\u0131 takdirde sipari\u015f konusu bedeli ve varsa kargo \u00fccreti, vergi gibi belirtilen ek \u00fccretleri \u00f6deme y\u00fck\u00fcml\u00fcl\u00fc\u011f\u00fc alt\u0131na girece\u011fini ve bu konuda bilgilendirildi\u011fini pe\u015finen kabul eder.<\/p><h2 data-start=\"747\" data-end=\"763\">2. TANIMLAR<\/h2><p data-start=\"764\" data-end=\"895\">\u0130\u015fbu s\u00f6zle\u015fmenin uygulanmas\u0131nda ve yorumlanmas\u0131nda a\u015fa\u011f\u0131da yaz\u0131l\u0131 terimler kar\u015f\u0131lar\u0131ndaki yaz\u0131l\u0131 a\u00e7\u0131klamalar\u0131 ifade edeceklerdir.<\/p><ul data-start=\"897\" data-end=\"1970\"><li data-start=\"897\" data-end=\"940\"><p data-start=\"899\" data-end=\"940\"><strong data-start=\"899\" data-end=\"909\">BAKAN:<\/strong> G\u00fcmr\u00fck ve Ticaret Bakan\u0131\u2019n\u0131,<\/p><\/li><li data-start=\"941\" data-end=\"990\"><p data-start=\"943\" data-end=\"990\"><strong data-start=\"943\" data-end=\"956\">BAKANLIK:<\/strong> G\u00fcmr\u00fck ve Ticaret Bakanl\u0131\u011f\u0131\u2019n\u0131,<\/p><\/li><li data-start=\"991\" data-end=\"1057\"><p data-start=\"993\" data-end=\"1057\"><strong data-start=\"993\" data-end=\"1003\">KANUN:<\/strong> 6502 say\u0131l\u0131 T\u00fcketicinin Korunmas\u0131 Hakk\u0131nda Kanun\u2019u,<\/p><\/li><li data-start=\"1058\" data-end=\"1114\"><p data-start=\"1060\" data-end=\"1114\"><strong data-start=\"1060\" data-end=\"1075\">Y\u00d6NETMEL\u0130K:<\/strong> Mesafeli S\u00f6zle\u015fmeler Y\u00f6netmeli\u011fi\u2019ni,<\/p><\/li><li data-start=\"1115\" data-end=\"1256\"><p data-start=\"1117\" data-end=\"1256\"><strong data-start=\"1117\" data-end=\"1128\">H\u0130ZMET:<\/strong> Bir \u00fccret veya menfaat kar\u015f\u0131l\u0131\u011f\u0131nda yap\u0131lan ya da yap\u0131lmas\u0131 taahh\u00fct edilen mal sa\u011flama d\u0131\u015f\u0131ndaki her t\u00fcrl\u00fc t\u00fcketici i\u015flemini,<\/p><\/li><li data-start=\"1257\" data-end=\"1362\"><p data-start=\"1259\" data-end=\"1362\"><strong data-start=\"1259\" data-end=\"1270\">SATICI:<\/strong> Ticari veya mesleki faaliyetleri kapsam\u0131nda t\u00fcketiciye mal sunan Beak Coffee Roastery\u2019yi,<\/p><\/li><li data-start=\"1363\" data-end=\"1496\"><p data-start=\"1365\" data-end=\"1496\"><strong data-start=\"1365\" data-end=\"1375\">ALICI:<\/strong> Bir mal veya hizmeti ticari veya mesleki olmayan ama\u00e7larla edinen, kullanan veya yararlanan ger\u00e7ek ya da t\u00fczel ki\u015fiyi,<\/p><\/li><li data-start=\"1497\" data-end=\"1586\"><p data-start=\"1499\" data-end=\"1586\"><strong data-start=\"1499\" data-end=\"1508\">S\u0130TE:<\/strong> SATICI\u2019ya ait internet sitesi olan <a class=\"decorated-link\" href=\"https:\/\/beakcoffeeroastery.com\" target=\"_new\" rel=\"noopener\" data-start=\"1544\" data-end=\"1574\">beakcoffeeroastery.com<\/a> adresini,<\/p><\/li><li data-start=\"1587\" data-end=\"1708\"><p data-start=\"1589\" data-end=\"1708\"><strong data-start=\"1589\" data-end=\"1607\">S\u0130PAR\u0130\u015e VEREN:<\/strong> Bir mal veya hizmeti SATICI\u2019ya ait internet sitesi \u00fczerinden talep eden ger\u00e7ek ya da t\u00fczel ki\u015fiyi,<\/p><\/li><li data-start=\"1709\" data-end=\"1746\"><p data-start=\"1711\" data-end=\"1746\"><strong data-start=\"1711\" data-end=\"1724\">TARAFLAR:<\/strong> SATICI ve ALICI\u2019y\u0131,<\/p><\/li><li data-start=\"1747\" data-end=\"1816\"><p data-start=\"1749\" data-end=\"1816\"><strong data-start=\"1749\" data-end=\"1762\">S\u00d6ZLE\u015eME:<\/strong> SATICI ve ALICI aras\u0131nda akdedilen i\u015fbu s\u00f6zle\u015fmeyi,<\/p><\/li><li data-start=\"1817\" data-end=\"1970\"><p data-start=\"1819\" data-end=\"1970\"><strong data-start=\"1819\" data-end=\"1827\">MAL:<\/strong> Al\u0131\u015fveri\u015fe konu olan ta\u015f\u0131n\u0131r e\u015fyay\u0131 ve elektronik ortamda kullan\u0131lmak \u00fczere haz\u0131rlanan yaz\u0131l\u0131m, ses, g\u00f6r\u00fcnt\u00fc ve benzeri gayri maddi mallar\u0131.<\/p><\/li><\/ul><h2 data-start=\"1972\" data-end=\"1984\">3. KONU<\/h2><p data-start=\"1985\" data-end=\"2366\">\u0130\u015fbu S\u00f6zle\u015fme, ALICI\u2019n\u0131n, SATICI\u2019ya ait internet sitesi <a class=\"decorated-link\" href=\"https:\/\/beakcoffeeroastery.com\" target=\"_new\" rel=\"noopener\" data-start=\"2041\" data-end=\"2071\">beakcoffeeroastery.com<\/a> \u00fczerinden elektronik ortamda sipari\u015fini verdi\u011fi a\u015fa\u011f\u0131da nitelikleri ve sat\u0131\u015f fiyat\u0131 belirtilen \u00fcr\u00fcn\u00fcn sat\u0131\u015f\u0131 ve teslimi ile ilgili olarak 6502 say\u0131l\u0131 T\u00fcketicinin Korunmas\u0131 Hakk\u0131nda Kanun ve Mesafeli S\u00f6zle\u015fmelere Dair Y\u00f6netmelik h\u00fck\u00fcmleri gere\u011fince taraflar\u0131n hak ve y\u00fck\u00fcml\u00fcl\u00fcklerini d\u00fczenler.<\/p><p data-start=\"2368\" data-end=\"2595\">Listelenen ve sitede ilan edilen fiyatlar sat\u0131\u015f fiyat\u0131d\u0131r. \u0130lan edilen fiyatlar ve vaatler g\u00fcncelleme yap\u0131lana ve de\u011fi\u015ftirilene kadar ge\u00e7erlidir. S\u00fcreli olarak ilan edilen fiyatlar ise belirtilen s\u00fcre sonuna kadar ge\u00e7erlidir.<\/p><h2 data-start=\"2597\" data-end=\"2621\">4. SATICI B\u0130LG\u0130LER\u0130<\/h2><p data-start=\"2622\" data-end=\"2804\">\u00dcnvan\u0131: Beak Coffee Roastery<br data-start=\"2650\" data-end=\"2653\" \/>Adres: Bah\u00e7elievler Mh. \u015eevketda\u011f Sk. No:1 Beak Plaza<br data-start=\"2706\" data-end=\"2709\" \/>Telefon: 0 850 440 01 11<br data-start=\"2733\" data-end=\"2736\" \/>E-posta: <a class=\"decorated-link cursor-pointer\" rel=\"noopener\" data-start=\"2745\" data-end=\"2764\">info@beakcoffee.com<\/a><br data-start=\"2764\" data-end=\"2767\" \/>Web: <a class=\"decorated-link\" href=\"https:\/\/beakcoffeeroastery.com\" target=\"_new\" rel=\"noopener\" data-start=\"2772\" data-end=\"2802\">beakcoffeeroastery.com<\/a><\/p><h2 data-start=\"2806\" data-end=\"2829\">5. ALICI B\u0130LG\u0130LER\u0130<\/h2><p data-start=\"2830\" data-end=\"2908\">Teslim edilecek ki\u015fi:<br data-start=\"2851\" data-end=\"2854\" \/>Teslimat Adresi:<br data-start=\"2870\" data-end=\"2873\" \/>Telefon:<br data-start=\"2881\" data-end=\"2884\" \/>E-posta\/kullan\u0131c\u0131 ad\u0131:<\/p><h2 data-start=\"2910\" data-end=\"2946\">6. S\u0130PAR\u0130\u015e VEREN K\u0130\u015e\u0130 B\u0130LG\u0130LER\u0130<\/h2><p data-start=\"2947\" data-end=\"3009\">Ad\/Soyad\/Unvan:<br data-start=\"2962\" data-end=\"2965\" \/>Adres:<br data-start=\"2971\" data-end=\"2974\" \/>Telefon:<br data-start=\"2982\" data-end=\"2985\" \/>E-posta\/kullan\u0131c\u0131 ad\u0131:<\/p><h2 data-start=\"3011\" data-end=\"3057\">7. S\u00d6ZLE\u015eME KONUSU \u00dcR\u00dcN\/\u00dcR\u00dcNLER B\u0130LG\u0130LER\u0130<\/h2><p data-start=\"3058\" data-end=\"3334\">\u00dcr\u00fcnlerin temel \u00f6zellikleri (t\u00fcr\u00fc, miktar\u0131, marka\/modeli, rengi, adedi) SATICI\u2019ya ait internet sitesinde yay\u0131nlanmaktad\u0131r. Sat\u0131c\u0131 taraf\u0131ndan kampanya d\u00fczenlenmi\u015f ise ilgili \u00fcr\u00fcn\u00fcn temel \u00f6zelliklerini kampanya s\u00fcresince inceleyebilirsiniz. Kampanya tarihine kadar ge\u00e7erlidir.<\/p><p data-start=\"3336\" data-end=\"3584\"><strong data-start=\"3336\" data-end=\"3354\">7.2. Fiyatlar:<\/strong><br data-start=\"3354\" data-end=\"3357\" \/>Listelenen ve sitede ilan edilen fiyatlar sat\u0131\u015f fiyat\u0131d\u0131r. \u0130lan edilen fiyatlar ve vaatler g\u00fcncelleme yap\u0131lana ve de\u011fi\u015ftirilene kadar ge\u00e7erlidir. S\u00fcreli olarak ilan edilen fiyatlar ise belirtilen s\u00fcre sonuna kadar ge\u00e7erlidir.<\/p><p data-start=\"3586\" data-end=\"3711\"><strong data-start=\"3586\" data-end=\"3616\">7.3. Vergiler ve \u00d6demeler:<\/strong><br data-start=\"3616\" data-end=\"3619\" \/>S\u00f6zle\u015fme konusu mal ya da hizmetin t\u00fcm vergiler d\u00e2hil sat\u0131\u015f fiyat\u0131 a\u015fa\u011f\u0131da g\u00f6sterilmi\u015ftir.<\/p><div class=\"_tableContainer_1rjym_1\"><div class=\"group _tableWrapper_1rjym_13 flex w-fit flex-col-reverse\"><table class=\"w-fit min-w-(--thread-content-width)\" data-start=\"3713\" data-end=\"3863\"><thead data-start=\"3713\" data-end=\"3777\"><tr data-start=\"3713\" data-end=\"3777\"><th data-start=\"3713\" data-end=\"3729\" data-col-size=\"sm\">\u00dcr\u00fcn A\u00e7\u0131klamas\u0131<\/th><th data-start=\"3729\" data-end=\"3736\" data-col-size=\"sm\">Adet<\/th><th data-start=\"3736\" data-end=\"3751\" data-col-size=\"sm\">Birim Fiyat\u0131<\/th><th data-start=\"3751\" data-end=\"3777\" data-col-size=\"sm\">Ara Toplam (KDV Dahil)<\/th><\/tr><\/thead><tbody data-start=\"3802\" data-end=\"3863\"><tr data-start=\"3802\" data-end=\"3838\"><td data-start=\"3802\" data-end=\"3809\" data-col-size=\"sm\">\u00dcr\u00fcn 1<\/td><td data-start=\"3809\" data-end=\"3813\" data-col-size=\"sm\">1<\/td><td data-start=\"3813\" data-end=\"3825\" data-col-size=\"sm\">100.00 TL<\/td><td data-start=\"3825\" data-end=\"3838\" data-col-size=\"sm\">100.00 TL<\/td><\/tr><tr data-start=\"3839\" data-end=\"3863\"><td data-start=\"3839\" data-end=\"3863\" data-col-size=\"sm\">Kargo Tutar\u0131: 20.00 TL<\/td><td data-col-size=\"sm\">\u00a0<\/td><td data-col-size=\"sm\">\u00a0<\/td><td data-col-size=\"sm\">\u00a0<\/td><\/tr><\/tbody><\/table><\/div><\/div><p data-start=\"3865\" data-end=\"3888\"><strong data-start=\"3865\" data-end=\"3886\">Toplam: 120.00 TL<\/strong><\/p><h2 data-start=\"3890\" data-end=\"3914\">8. FATURA B\u0130LG\u0130LER\u0130<\/h2><p data-start=\"3915\" data-end=\"4086\">Ad\/Soyad\/Unvan:<br data-start=\"3930\" data-end=\"3933\" \/>Adres:<br data-start=\"3939\" data-end=\"3942\" \/>Telefon:<br data-start=\"3950\" data-end=\"3953\" \/>E-posta\/kullan\u0131c\u0131 ad\u0131:<br data-start=\"3975\" data-end=\"3978\" \/>Fatura teslim: Fatura sipari\u015f teslimat\u0131 s\u0131ras\u0131nda fatura adresine sipari\u015f ile birlikte teslim edilecektir.<\/p><h2 data-start=\"4088\" data-end=\"4110\">9. GENEL H\u00dcK\u00dcMLER<\/h2><p data-start=\"4111\" data-end=\"4575\">Al\u0131c\u0131, Beak Coffee Roastery\u2019ye ait internet sitesinde s\u00f6zle\u015fme konusu \u00fcr\u00fcn\u00fcn temel nitelikleri, sat\u0131\u015f fiyat\u0131 ve \u00f6deme \u015fekli ile teslimata ili\u015fkin \u00f6n bilgileri okuyup bilgi sahibi oldu\u011funu, elektronik ortamda gerekli teyidi verdi\u011fini kabul, beyan ve taahh\u00fct eder. S\u00f6zle\u015fme konusu her bir \u00fcr\u00fcn, 30 g\u00fcnl\u00fck yasal s\u00fcreyi a\u015fmamak kayd\u0131 ile al\u0131c\u0131n\u0131n yerle\u015fim yeri uzakl\u0131\u011f\u0131na ba\u011fl\u0131 olarak internet sitesindeki \u00f6n bilgiler k\u0131sm\u0131nda belirtilen s\u00fcre zarf\u0131nda teslim edilir.<\/p><h2 data-start=\"4577\" data-end=\"4597\">10. CAYMA HAKKI<\/h2><p data-start=\"4598\" data-end=\"4883\">Al\u0131c\u0131, mesafeli s\u00f6zle\u015fmenin mal sat\u0131\u015f\u0131na ili\u015fkin olmas\u0131 durumunda, \u00fcr\u00fcn\u00fcn kendisine veya g\u00f6sterdi\u011fi adresteki ki\u015fi\/kurulu\u015fa teslim tarihinden itibaren 14 g\u00fcn i\u00e7erisinde, sat\u0131c\u0131ya bildirmek \u015fart\u0131yla hi\u00e7bir gerek\u00e7e g\u00f6stermeksizin mal\u0131 reddederek s\u00f6zle\u015fmeden cayma hakk\u0131n\u0131 kullanabilir.<\/p><h2 data-start=\"4885\" data-end=\"4930\">11. CAYMA HAKKI KULLANILAMAYACAK \u00dcR\u00dcNLER<\/h2><p data-start=\"4931\" data-end=\"5134\">Al\u0131c\u0131n\u0131n iste\u011fi veya a\u00e7\u0131k\u00e7a ki\u015fisel ihtiya\u00e7lar\u0131 do\u011frultusunda haz\u0131rlanan, g\u0131da \u00fcr\u00fcnleri, kahve \u00e7e\u015fitleri, ki\u015fisel t\u00fcketim i\u00e7in \u00fcretilmi\u015f tek kullan\u0131ml\u0131k \u00fcr\u00fcnler cayma hakk\u0131 kapsam\u0131 d\u0131\u015f\u0131nda kalmaktad\u0131r.<\/p><h2 data-start=\"5136\" data-end=\"5178\">12. TEMERR\u00dcT HAL\u0130 VE HUKUK\u0130 SONU\u00c7LARI<\/h2><p data-start=\"5179\" data-end=\"5416\">Al\u0131c\u0131, \u00f6deme i\u015flemlerini kredi kart\u0131 ile yapt\u0131\u011f\u0131 durumda temerr\u00fcde d\u00fc\u015ft\u00fc\u011f\u00fc takdirde, kart sahibi banka ile aras\u0131ndaki kredi kart\u0131 s\u00f6zle\u015fmesi \u00e7er\u00e7evesinde faiz \u00f6deyece\u011fini ve bankaya kar\u015f\u0131 sorumlu olaca\u011f\u0131n\u0131 kabul, beyan ve taahh\u00fct eder.<\/p><h2 data-start=\"5418\" data-end=\"5442\">13. YETK\u0130L\u0130 MAHKEME<\/h2><p data-start=\"5443\" data-end=\"5660\">\u0130\u015fbu s\u00f6zle\u015fmeden do\u011fan uyu\u015fmazl\u0131klarda \u015fikayet ve itirazlar, t\u00fcketicinin yerle\u015fim yerinin bulundu\u011fu veya t\u00fcketici i\u015fleminin yap\u0131ld\u0131\u011f\u0131 yerdeki t\u00fcketici sorunlar\u0131 hakem heyetine veya t\u00fcketici mahkemesine yap\u0131lacakt\u0131r.<\/p><h2 data-start=\"5662\" data-end=\"5679\">14. Y\u00dcR\u00dcRL\u00dcK<\/h2><p data-start=\"5680\" data-end=\"5805\">Al\u0131c\u0131, site \u00fczerinden verdi\u011fi sipari\u015fe ait \u00f6demeyi ger\u00e7ekle\u015ftirdi\u011finde i\u015fbu s\u00f6zle\u015fmenin t\u00fcm \u015fartlar\u0131n\u0131 kabul etmi\u015f say\u0131l\u0131r.<\/p>\t\t\n\t<\/div>\n<\/div>\t\t\t\t<\/div>\n\t\t\t\t<\/div>\n\t\t\t\t\t<\/div>\n\t\t\t\t<\/div>\n\t\t\t\t<\/div>\n\t\t","protected":false},"excerpt":{"rendered":"<p>1. TARAFLAR \u0130\u015fbu S\u00f6zle\u015fme a\u015fa\u011f\u0131daki taraflar aras\u0131nda a\u015fa\u011f\u0131da belirtilen h\u00fck\u00fcm ve \u015fartlar \u00e7er\u00e7evesinde imzalanm\u0131\u015ft\u0131r. ALICI:AD-SOYAD:ADRES: SATICI:Beak Coffee RoasteryBah\u00e7elievler Mah. \u015eevketda\u011f Sk. No:1 Beak PlazaTelefon: 0 850 440 01 11E-posta: info@beakcoffee.comWeb: beakcoffeeroastery.com \u0130\u015f bu s\u00f6zle\u015fmeyi kabul etmekle ALICI, s\u00f6zle\u015fme konusu sipari\u015fi onaylad\u0131\u011f\u0131 takdirde sipari\u015f konusu bedeli ve varsa kargo \u00fccreti, vergi gibi belirtilen ek \u00fccretleri \u00f6deme [&hellip;]<\/p>\n","protected":false},"author":1,"featured_media":0,"parent":0,"menu_order":0,"comment_status":"closed","ping_status":"closed","template":"","meta":{"footnotes":""},"class_list":["post-3011","page","type-page","status-publish","hentry"],"_links":{"self":[{"href":"https:\/\/beakcoffeeroastery.com\/index.php\/wp-json\/wp\/v2\/pages\/3011","targetHints":{"allow":["GET"]}}],"collection":[{"href":"https:\/\/beakcoffeeroastery.com\/index.php\/wp-json\/wp\/v2\/pages"}],"about":[{"href":"https:\/\/beakcoffeeroastery.com\/index.php\/wp-json\/wp\/v2\/types\/page"}],"author":[{"embeddable":true,"href":"https:\/\/beakcoffeeroastery.com\/index.php\/wp-json\/wp\/v2\/users\/1"}],"replies":[{"embeddable":true,"href":"https:\/\/beakcoffeeroastery.com\/index.php\/wp-json\/wp\/v2\/comments?post=3011"}],"version-history":[{"count":11,"href":"https:\/\/beakcoffeeroastery.com\/index.php\/wp-json\/wp\/v2\/pages\/3011\/revisions"}],"predecessor-version":[{"id":3023,"href":"https:\/\/beakcoffeeroastery.com\/index.php\/wp-json\/wp\/v2\/pages\/3011\/revisions\/3023"}],"wp:attachment":[{"href":"https:\/\/beakcoffeeroastery.com\/index.php\/wp-json\/wp\/v2\/media?parent=3011"}],"curies":[{"name":"wp","href":"https:\/\/api.w.org\/{rel}","templated":true}]}}