{"id":2967,"date":"2025-10-01T19:50:53","date_gmt":"2025-10-01T16:50:53","guid":{"rendered":"https:\/\/beakcoffeeroastery.com\/?page_id=2967"},"modified":"2025-10-02T11:03:39","modified_gmt":"2025-10-02T08:03:39","slug":"cerez-politikasi","status":"publish","type":"page","link":"https:\/\/beakcoffeeroastery.com\/index.php\/cerez-politikasi\/","title":{"rendered":"\u00c7erez Politikas\u0131"},"content":{"rendered":"\t\t<div data-elementor-type=\"wp-page\" data-elementor-id=\"2967\" class=\"elementor elementor-2967\" data-elementor-post-type=\"page\">\n\t\t\t\t<div class=\"elementor-element elementor-element-8c5a041 e-flex e-con-boxed e-con e-parent\" data-id=\"8c5a041\" data-element_type=\"container\">\n\t\t\t\t\t<div class=\"e-con-inner\">\n\t\t\t\t<div class=\"elementor-element elementor-element-f16e1d0 elementor-widget elementor-widget-text-editor\" data-id=\"f16e1d0\" data-element_type=\"widget\" data-widget_type=\"text-editor.default\">\n\t\t\t\t\t\t\t\t\t<p data-start=\"239\" data-end=\"788\">\u0130\u015fbu \u00c7erez Politikas\u0131 (\u201cPolitika\u201d), <strong data-start=\"275\" data-end=\"313\">BEAK COFFEE ROASTERY &amp; BAKERY A.\u015e.<\/strong>\u2019ye ait <a class=\"decorated-link cursor-pointer\" target=\"_new\" rel=\"noopener\" data-start=\"321\" data-end=\"339\">www.beakcoffeeroastery.com<\/a> alan adl\u0131 internet sitesi i\u00e7in ge\u00e7erlidir. Politika\u2019da yer alan \u00e7erezler, internet sitemizi ziyaretleriniz s\u0131ras\u0131nda sizlerin deneyimlerini geli\u015ftirmek, sizlere \u00f6zel hizmetler sunmak, marka kalitemizi korumak ve internet sitesi ile ziyaret\u00e7i g\u00fcvenli\u011fini sa\u011flamak amac\u0131yla kullan\u0131lmaktad\u0131r. \u00c7erezlerin kullan\u0131m\u0131 ba\u015fta 6698 say\u0131l\u0131 Ki\u015fisel Verilerin Korunmas\u0131 Kanunu (\u201cKVKK\u201d) olmak \u00fczere tabi oldu\u011fumuz mevzuata uygun \u015fekilde ger\u00e7ekle\u015ftirilmektedir.<\/p><p data-start=\"790\" data-end=\"1073\">BEAK COFFEE ROASTERY &amp; BAKERY olarak, internet sitemizde kulland\u0131\u011f\u0131m\u0131z \u00e7erezleri de\u011fi\u015ftirme, silme, devre d\u0131\u015f\u0131 b\u0131rakma veya yeni \u00e7erezler ekleme hakk\u0131m\u0131z\u0131 sakl\u0131 tutmaktay\u0131z. Politika\u2019da yap\u0131lacak g\u00fcncellemeler internet sitemizde yay\u0131mland\u0131\u011f\u0131 tarihten itibaren y\u00fcr\u00fcrl\u00fc\u011fe girecektir.<\/p><p data-start=\"1075\" data-end=\"1490\">\u00c7erez kullan\u0131m\u0131na ili\u015fkin tercihlerinizi internet sitemizde yer alan \u00e7erez y\u00f6netim arac\u0131 \u00fczerinden y\u00f6netebilir, belirledi\u011finiz ayarlar\u0131 diledi\u011finiz zaman de\u011fi\u015ftirebilirsiniz. Ayr\u0131ca taray\u0131c\u0131 ayarlar\u0131n\u0131z \u00fczerinden de \u00e7erezleri kontrol etmeniz m\u00fcmk\u00fcnd\u00fcr. Ancak \u00e7erezleri reddetmeniz veya silmeniz halinde internet sitemizden tam olarak faydalanamaman\u0131z ve baz\u0131 hizmetlerimizden yararlanamaman\u0131z s\u00f6z konusu olabilir.<\/p><p data-start=\"1492\" data-end=\"1772\">Politika\u2019n\u0131n amac\u0131, \u00e7erezler arac\u0131l\u0131\u011f\u0131yla elde edilen ki\u015fisel verileriniz hakk\u0131nda KVKK\u2019n\u0131n 10\u2019uncu maddesi kapsam\u0131nda siz ziyaret\u00e7ilerimizi bilgilendirmek ve ayd\u0131nlatmakt\u0131r. A\u015fa\u011f\u0131daki tablolar, kullan\u0131lan \u00e7erezlerin t\u00fcrlerini, i\u015flevlerini ve saklanma s\u00fcrelerini g\u00f6stermektedir.<\/p><hr data-start=\"1774\" data-end=\"1777\" \/><h2 data-start=\"1779\" data-end=\"1796\">\u00c7erez Nedir?<\/h2><p data-start=\"1797\" data-end=\"2025\">\u00c7erezler (cookies), internet sitemizi ziyaret etti\u011finizde taray\u0131c\u0131n\u0131za g\u00f6nderilen ve cihaz\u0131n\u0131za kaydedilen k\u00fc\u00e7\u00fck metin dosyalar\u0131d\u0131r. Bu dosyalar sayesinde ziyaretinize dair bilgiler hat\u0131rlan\u0131r ve deneyiminiz ki\u015fiselle\u015ftirilir.<\/p><hr data-start=\"2027\" data-end=\"2030\" \/><h2 data-start=\"2032\" data-end=\"2065\">\u00c7erezlerin Kullan\u0131m Ama\u00e7lar\u0131<\/h2><p data-start=\"2066\" data-end=\"2203\">\u00c7erezler, Beak Coffee Roastery &amp; Bakery markas\u0131n\u0131n global standartlardaki kalite anlay\u0131\u015f\u0131na uygun olarak \u015fu ama\u00e7larla kullan\u0131lmaktad\u0131r:<\/p><ul data-start=\"2205\" data-end=\"2628\"><li data-start=\"2205\" data-end=\"2302\"><p data-start=\"2207\" data-end=\"2302\">\u0130nternet sitemizin temel i\u015flevlerinin \u00e7al\u0131\u015fabilmesi i\u00e7in gerekli teknik verilerin sa\u011flanmas\u0131,<\/p><\/li><li data-start=\"2303\" data-end=\"2397\"><p data-start=\"2305\" data-end=\"2397\">Sitemizi kullan\u0131m al\u0131\u015fkanl\u0131klar\u0131n\u0131z\u0131n analiz edilmesi ve istatistiki verilerin toplanmas\u0131,<\/p><\/li><li data-start=\"2398\" data-end=\"2478\"><p data-start=\"2400\" data-end=\"2478\">Ziyaret\u00e7i deneyiminin geli\u015ftirilmesi ve ki\u015fiselle\u015ftirilmi\u015f i\u00e7erik sunulmas\u0131,<\/p><\/li><li data-start=\"2479\" data-end=\"2628\"><p data-start=\"2481\" data-end=\"2628\">5651 say\u0131l\u0131 Kanun ve ilgili mevzuat kapsam\u0131nda hukuki y\u00fck\u00fcml\u00fcl\u00fcklerimizin yerine getirilmesi amac\u0131yla IP adresi gibi ki\u015fisel verilerin i\u015flenmesi.<\/p><\/li><\/ul><hr data-start=\"2630\" data-end=\"2633\" \/><h2 data-start=\"2635\" data-end=\"2666\">\u00c7erez T\u00fcrleri ve \u0130\u015flevleri<\/h2><div class=\"_tableContainer_1rjym_1\"><div class=\"group _tableWrapper_1rjym_13 flex w-fit flex-col-reverse\" tabindex=\"-1\"><table class=\"w-fit min-w-(--thread-content-width)\" data-start=\"2668\" data-end=\"3391\"><thead data-start=\"2668\" data-end=\"2711\"><tr data-start=\"2668\" data-end=\"2711\"><th data-start=\"2668\" data-end=\"2693\" data-col-size=\"sm\">\u00c7erez T\u00fcr\u00fc<\/th><th data-start=\"2693\" data-end=\"2711\" data-col-size=\"lg\">Ne \u0130\u015fe Yarar<\/th><\/tr><\/thead><tbody data-start=\"2757\" data-end=\"3391\"><tr data-start=\"2757\" data-end=\"2914\"><td data-start=\"2757\" data-end=\"2782\" data-col-size=\"sm\"><strong data-start=\"2759\" data-end=\"2779\">Zorunlu \u00c7erezler<\/strong><\/td><td data-start=\"2782\" data-end=\"2914\" data-col-size=\"lg\">\u0130nternet sitemizin do\u011fru \u015fekilde \u00e7al\u0131\u015fabilmesi i\u00e7in gereklidir. \u00d6rn: ayn\u0131 oturumda geri d\u00f6n\u00fc\u015flerde yap\u0131lan eylemleri hat\u0131rlar.<\/td><\/tr><tr data-start=\"2915\" data-end=\"3085\"><td data-start=\"2915\" data-end=\"2942\" data-col-size=\"sm\"><strong data-start=\"2917\" data-end=\"2941\">Performans \u00c7erezleri<\/strong><\/td><td data-start=\"2942\" data-end=\"3085\" data-col-size=\"lg\">Ziyaret\u00e7ilerimizin site kullan\u0131m verilerini (ziyaret edilen sayfalar, hatalar, s\u00fcre vb.) analiz ederek performans\u0131n art\u0131r\u0131lmas\u0131n\u0131 sa\u011flar.<\/td><\/tr><tr data-start=\"3086\" data-end=\"3230\"><td data-start=\"3086\" data-end=\"3114\" data-col-size=\"sm\"><strong data-start=\"3088\" data-end=\"3113\">\u0130\u015flevsellik \u00c7erezleri<\/strong><\/td><td data-start=\"3114\" data-end=\"3230\" data-col-size=\"lg\">Dil tercihi, lokasyon bilgisi gibi kullan\u0131c\u0131 ayarlar\u0131n\u0131 hat\u0131rlar ve daha ki\u015fiselle\u015ftirilmi\u015f bir deneyim sunar.<\/td><\/tr><tr data-start=\"3231\" data-end=\"3391\"><td data-start=\"3231\" data-end=\"3264\" data-col-size=\"sm\"><strong data-start=\"3233\" data-end=\"3263\">Hedefleme\/Reklam \u00c7erezleri<\/strong><\/td><td data-start=\"3264\" data-end=\"3391\" data-col-size=\"lg\">\u0130lgi alanlar\u0131n\u0131za y\u00f6nelik i\u00e7erikler ve teklifler sunmak amac\u0131yla kullan\u0131l\u0131r. Ayr\u0131ca i\u00e7erik k\u0131s\u0131tlamalar\u0131nda da rol oynar.<\/td><\/tr><\/tbody><\/table><\/div><\/div><hr data-start=\"3393\" data-end=\"3396\" \/><h2 data-start=\"3398\" data-end=\"3432\">1. Taraf ve 3. Taraf \u00c7erezler<\/h2><ul data-start=\"3434\" data-end=\"3978\"><li data-start=\"3434\" data-end=\"3704\"><p data-start=\"3436\" data-end=\"3704\"><strong data-start=\"3436\" data-end=\"3457\">1. Taraf \u00c7erezler<\/strong>: Do\u011frudan Beak Coffee Roastery &amp; Bakery taraf\u0131ndan y\u00f6netilen ve <a class=\"decorated-link cursor-pointer\" target=\"_new\" rel=\"noopener\" data-start=\"3522\" data-end=\"3540\">www.beakcoffee.com<\/a> alan ad\u0131na ait \u00e7erezlerdir. Bu \u00e7erezler, temel fonksiyonlar\u0131n \u00e7al\u0131\u015fmas\u0131 i\u00e7in gereklidir. Devre d\u0131\u015f\u0131 b\u0131rak\u0131ld\u0131klar\u0131nda baz\u0131 \u00f6zelliklerden faydalanamayabilirsiniz.<\/p><\/li><li data-start=\"3706\" data-end=\"3978\"><p data-start=\"3708\" data-end=\"3978\"><strong data-start=\"3708\" data-end=\"3729\">3. Taraf \u00c7erezler<\/strong>: \u0130\u015f ortaklar\u0131m\u0131z, analiz sa\u011flay\u0131c\u0131lar\u0131m\u0131z veya reklam hizmeti sunan \u00fc\u00e7\u00fcnc\u00fc taraflar taraf\u0131ndan yerle\u015ftirilen \u00e7erezlerdir. Bu \u00e7erezler, internet sitemize ek fonksiyonlar kazand\u0131rmakta ve markam\u0131z\u0131n kullan\u0131c\u0131ya \u00f6zel deneyim sunmas\u0131n\u0131 sa\u011flamaktad\u0131r.<\/p><\/li><\/ul><hr data-start=\"3980\" data-end=\"3983\" \/><h2 data-start=\"3985\" data-end=\"4021\">Kulland\u0131\u011f\u0131m\u0131z 1. Taraf \u00c7erezler<\/h2><div class=\"_tableContainer_1rjym_1\"><div class=\"group _tableWrapper_1rjym_13 flex w-fit flex-col-reverse\" tabindex=\"-1\"><table class=\"w-fit min-w-(--thread-content-width)\" data-start=\"4023\" data-end=\"4577\"><thead data-start=\"4023\" data-end=\"4107\"><tr data-start=\"4023\" data-end=\"4107\"><th data-start=\"4023\" data-end=\"4039\" data-col-size=\"sm\">\u00c7erez<\/th><th data-start=\"4039\" data-end=\"4050\" data-col-size=\"md\">A\u00e7\u0131klama<\/th><th data-start=\"4050\" data-end=\"4061\" data-col-size=\"sm\">Kategori<\/th><th data-start=\"4061\" data-end=\"4079\" data-col-size=\"sm\">Saklanma S\u00fcresi<\/th><th data-start=\"4079\" data-end=\"4091\" data-col-size=\"sm\">Sa\u011flay\u0131c\u0131<\/th><th data-start=\"4091\" data-end=\"4107\" data-col-size=\"sm\">\u00c7erez Tipi<\/th><\/tr><\/thead><tbody data-start=\"4194\" data-end=\"4577\"><tr data-start=\"4194\" data-end=\"4324\"><td data-start=\"4194\" data-end=\"4210\" data-col-size=\"sm\">authToken<\/td><td data-start=\"4210\" data-end=\"4263\" data-col-size=\"md\">Kullan\u0131c\u0131 giri\u015f g\u00fcvenli\u011fini sa\u011flamak i\u00e7in tutulur.<\/td><td data-start=\"4263\" data-end=\"4282\" data-col-size=\"sm\">Zorunlu \u00c7erezler<\/td><td data-start=\"4282\" data-end=\"4291\" data-col-size=\"sm\">Oturum<\/td><td data-start=\"4291\" data-end=\"4305\" data-col-size=\"sm\">Beak Coffee<\/td><td data-start=\"4305\" data-end=\"4324\" data-col-size=\"sm\">Birinci Taraf<\/td><\/tr><tr data-start=\"4325\" data-end=\"4458\"><td data-start=\"4325\" data-end=\"4341\" data-col-size=\"sm\">refreshToken<\/td><td data-start=\"4341\" data-end=\"4397\" data-col-size=\"md\">Kullan\u0131c\u0131 oturum s\u00fcreklili\u011fini sa\u011flamak i\u00e7in tutulur.<\/td><td data-start=\"4397\" data-end=\"4416\" data-col-size=\"sm\">Zorunlu \u00c7erezler<\/td><td data-start=\"4416\" data-end=\"4425\" data-col-size=\"sm\">Oturum<\/td><td data-start=\"4425\" data-end=\"4439\" data-col-size=\"sm\">Beak Coffee<\/td><td data-start=\"4439\" data-end=\"4458\" data-col-size=\"sm\">Birinci Taraf<\/td><\/tr><tr data-start=\"4459\" data-end=\"4577\"><td data-start=\"4459\" data-end=\"4475\" data-col-size=\"sm\">languageId<\/td><td data-start=\"4475\" data-end=\"4521\" data-col-size=\"md\">Site dil deste\u011fini hat\u0131rlamak i\u00e7in tutulur.<\/td><td data-start=\"4521\" data-end=\"4535\" data-col-size=\"sm\">\u0130\u015flevsellik<\/td><td data-start=\"4535\" data-end=\"4544\" data-col-size=\"sm\">Oturum<\/td><td data-start=\"4544\" data-end=\"4558\" data-col-size=\"sm\">Beak Coffee<\/td><td data-start=\"4558\" data-end=\"4577\" data-col-size=\"sm\">Birinci Taraf<\/td><\/tr><\/tbody><\/table><\/div><\/div><hr data-start=\"4579\" data-end=\"4582\" \/><h2 data-start=\"4584\" data-end=\"4620\">Kulland\u0131\u011f\u0131m\u0131z 3. Taraf \u00c7erezler<\/h2><div class=\"_tableContainer_1rjym_1\"><div class=\"group _tableWrapper_1rjym_13 flex w-fit flex-col-reverse\" tabindex=\"-1\"><table class=\"w-fit min-w-(--thread-content-width)\" data-start=\"4622\" data-end=\"5201\"><thead data-start=\"4622\" data-end=\"4706\"><tr data-start=\"4622\" data-end=\"4706\"><th data-start=\"4622\" data-end=\"4638\" data-col-size=\"sm\">\u00c7erez<\/th><th data-start=\"4638\" data-end=\"4649\" data-col-size=\"md\">A\u00e7\u0131klama<\/th><th data-start=\"4649\" data-end=\"4660\" data-col-size=\"sm\">Kategori<\/th><th data-start=\"4660\" data-end=\"4678\" data-col-size=\"sm\">Saklanma S\u00fcresi<\/th><th data-start=\"4678\" data-end=\"4690\" data-col-size=\"sm\">Sa\u011flay\u0131c\u0131<\/th><th data-start=\"4690\" data-end=\"4706\" data-col-size=\"sm\">\u00c7erez Tipi<\/th><\/tr><\/thead><tbody data-start=\"4793\" data-end=\"5201\"><tr data-start=\"4793\" data-end=\"4925\"><td data-start=\"4793\" data-end=\"4811\" data-col-size=\"sm\">GoogleAnalytics<\/td><td data-start=\"4811\" data-end=\"4881\" data-col-size=\"md\">Ziyaret\u00e7i davran\u0131\u015flar\u0131n\u0131 analiz ederek performans raporlar\u0131 sa\u011flar.<\/td><td data-start=\"4881\" data-end=\"4894\" data-col-size=\"sm\">Performans<\/td><td data-start=\"4894\" data-end=\"4902\" data-col-size=\"sm\">2 Y\u0131l<\/td><td data-start=\"4902\" data-end=\"4911\" data-col-size=\"sm\">Google<\/td><td data-start=\"4911\" data-end=\"4925\" data-col-size=\"sm\">3. Taraf<\/td><\/tr><tr data-start=\"4926\" data-end=\"5062\"><td data-start=\"4926\" data-end=\"4938\" data-col-size=\"sm\">MetaPixel<\/td><td data-start=\"4938\" data-end=\"5015\" data-col-size=\"md\">Kullan\u0131c\u0131lara ilgi alanlar\u0131na uygun reklam ve kampanya sunulmas\u0131n\u0131 sa\u011flar.<\/td><td data-start=\"5015\" data-end=\"5034\" data-col-size=\"sm\">Hedefleme\/Reklam<\/td><td data-start=\"5034\" data-end=\"5041\" data-col-size=\"sm\">6 Ay<\/td><td data-start=\"5041\" data-end=\"5048\" data-col-size=\"sm\">Meta<\/td><td data-start=\"5048\" data-end=\"5062\" data-col-size=\"sm\">3. Taraf<\/td><\/tr><tr data-start=\"5063\" data-end=\"5201\"><td data-start=\"5063\" data-end=\"5072\" data-col-size=\"sm\">\u00a0<\/td><td data-start=\"5072\" data-end=\"5157\" data-col-size=\"md\">\u00a0<\/td><td data-start=\"5157\" data-end=\"5170\" data-col-size=\"sm\">\u00a0<\/td><td data-start=\"5170\" data-end=\"5178\" data-col-size=\"sm\">\u00a0<\/td><td data-start=\"5178\" data-end=\"5187\" data-col-size=\"sm\">\u00a0<\/td><td data-start=\"5187\" data-end=\"5201\" data-col-size=\"sm\">\u00a0<\/td><\/tr><\/tbody><\/table><\/div><\/div><hr data-start=\"5203\" data-end=\"5206\" \/><h2 data-start=\"5208\" data-end=\"5235\">\u00c7erezlerin Y\u00f6netilmesi<\/h2><p data-start=\"5237\" data-end=\"5550\">\u00c7erez tercihlerinizi internet sitemizdeki <strong data-start=\"5279\" data-end=\"5302\">\u00e7erez y\u00f6netim arac\u0131<\/strong> \u00fczerinden kolayl\u0131kla d\u00fczenleyebilirsiniz. Ayr\u0131ca kulland\u0131\u011f\u0131n\u0131z taray\u0131c\u0131 ayarlar\u0131ndan da \u00e7erezleri y\u00f6netebilir veya tamamen engelleyebilirsiniz. Ancak \u00e7erezlerin devre d\u0131\u015f\u0131 b\u0131rak\u0131lmas\u0131, sitemizin baz\u0131 \u00f6zelliklerini kullanamaman\u0131za neden olabilir.<\/p>\t\t\t\t\t\t\t\t<\/div>\n\t\t\t\t\t<\/div>\n\t\t\t\t<\/div>\n\t\t\t\t<\/div>\n\t\t","protected":false},"excerpt":{"rendered":"<p>\u0130\u015fbu \u00c7erez Politikas\u0131 (\u201cPolitika\u201d), BEAK COFFEE ROASTERY &amp; BAKERY A.\u015e.\u2019ye ait www.beakcoffeeroastery.com alan adl\u0131 internet sitesi i\u00e7in ge\u00e7erlidir. Politika\u2019da yer alan \u00e7erezler, internet sitemizi ziyaretleriniz s\u0131ras\u0131nda sizlerin deneyimlerini geli\u015ftirmek, sizlere \u00f6zel hizmetler sunmak, marka kalitemizi korumak ve internet sitesi ile ziyaret\u00e7i g\u00fcvenli\u011fini sa\u011flamak amac\u0131yla kullan\u0131lmaktad\u0131r. \u00c7erezlerin kullan\u0131m\u0131 ba\u015fta 6698 say\u0131l\u0131 Ki\u015fisel Verilerin Korunmas\u0131 Kanunu (\u201cKVKK\u201d) [&hellip;]<\/p>\n","protected":false},"author":1,"featured_media":0,"parent":0,"menu_order":0,"comment_status":"closed","ping_status":"closed","template":"","meta":{"footnotes":""},"class_list":["post-2967","page","type-page","status-publish","hentry"],"_links":{"self":[{"href":"https:\/\/beakcoffeeroastery.com\/index.php\/wp-json\/wp\/v2\/pages\/2967","targetHints":{"allow":["GET"]}}],"collection":[{"href":"https:\/\/beakcoffeeroastery.com\/index.php\/wp-json\/wp\/v2\/pages"}],"about":[{"href":"https:\/\/beakcoffeeroastery.com\/index.php\/wp-json\/wp\/v2\/types\/page"}],"author":[{"embeddable":true,"href":"https:\/\/beakcoffeeroastery.com\/index.php\/wp-json\/wp\/v2\/users\/1"}],"replies":[{"embeddable":true,"href":"https:\/\/beakcoffeeroastery.com\/index.php\/wp-json\/wp\/v2\/comments?post=2967"}],"version-history":[{"count":13,"href":"https:\/\/beakcoffeeroastery.com\/index.php\/wp-json\/wp\/v2\/pages\/2967\/revisions"}],"predecessor-version":[{"id":3032,"href":"https:\/\/beakcoffeeroastery.com\/index.php\/wp-json\/wp\/v2\/pages\/2967\/revisions\/3032"}],"wp:attachment":[{"href":"https:\/\/beakcoffeeroastery.com\/index.php\/wp-json\/wp\/v2\/media?parent=2967"}],"curies":[{"name":"wp","href":"https:\/\/api.w.org\/{rel}","templated":true}]}}